{"id":287,"date":"2017-06-10T08:21:56","date_gmt":"2017-06-10T08:21:56","guid":{"rendered":"https:\/\/xtratheme.comapp\/?page_id=4"},"modified":"2023-01-25T15:49:36","modified_gmt":"2023-01-25T14:49:36","slug":"home","status":"publish","type":"page","link":"https:\/\/barma-solutions.com\/","title":{"rendered":"Home"},"content":{"rendered":"<p>[vc_row full_width=\u00a0\u00bbstretch_row\u00a0\u00bb css=\u00a0\u00bb.vc_custom_1515502847552{padding-top: 70px !important;padding-bottom: 80px !important;background-color: #fe9900 !important;}\u00a0\u00bb][vc_column]<div id=\"cz_41534\" class=\"cz_41534 cz_title clr cz_smart_fs cz_title_pos_inline tac\"><div class=\"cz_title_content\"><div class=\"cz_wpe_content\"><h3 style=\"text-align: center;\"><span style=\"font-size: 44px;\">Barma Solutions <span style=\"font-weight: 300;\">est r\u00e9guli\u00e8rement consult\u00e9 pour fournir des ressources de qualit\u00e9 sur des technologies de niches. <\/span><\/span><\/h3>\n<\/div><\/div><\/div>[\/vc_column][\/vc_row][vc_row el_id=\u00a0\u00bboverview\u00a0\u00bb][vc_column]<div class=\"cz_gap clr \" style=\"height: 100px\"><\/div>[\/vc_column][\/vc_row][vc_row css=\u00a0\u00bb.vc_custom_1516451263843{border-bottom-width: 2px !important;border-bottom-color: #c9c9c9 !important;border-bottom-style: solid !important;}\u00a0\u00bb][vc_column offset=\u00a0\u00bbvc_col-lg-6&Prime;]<div id=\"cz_78660\" class=\"cz_78660 cz_title clr cz_mobile_text_center cz_title_pos_inline\"><div class=\"cz_title_shape shape_rhombus_radius cz_title_shape_outline cz_shape_1\"><\/div><div class=\"cz_title_content\"><div class=\"cz_wpe_content\"><div style=\"line-height: 2;\"><em><span style=\"color: #808080; font-size: 18px; font-weight: 300;\">BARMA SOLUTIONS<\/span><\/em><\/div>\n<h3><span style=\"font-size: 38px;\"><span style=\"font-weight: 300;\">Notre <\/span><\/span><span style=\"font-size: 38px;\">Vision<\/span><\/h3>\n<\/div><\/div><\/div><div id=\"cz_110284\" class=\"cz_110284 cz_title clr cz_mobile_text_center cz_title_pos_inline\"><div class=\"cz_title_content\"><div class=\"cz_wpe_content\"><p style=\"text-align: justify;\"><span style=\"font-size: 18px;\">Notre savoir-faire et nos comp\u00e9tences reposent sur un bureau d&rsquo;\u00e9tudes, une expertise et des personnels exp\u00e9riment\u00e9s et motiv\u00e9s.<br \/>\nQuel que soit votre projet, l\u2019entreprise Barma Solutions vous accompagne, identifie l&rsquo;ensemble de vos besoins et vous propose une installation personnalis\u00e9e r\u00e9pondant \u00e0 votre attente.<br \/>\n<\/span><\/p>\n<\/div><\/div><\/div><div class=\"cz_gap clr  hide_on_tablet hide_on_mobile\" style=\"height: 70px\"><\/div><div class=\"cz_gap show_on_tablet clr \" style=\"height: 30px\"><\/div>[vc_row_inner][vc_column_inner width=\u00a0\u00bb1\/2&Prime;]<div id=\"cz_13264\" data-disable-comma=\"\" data-duration=\"4000\" data-delay=\"0000\" class=\"cz_13264 cz_counter clr tac cz_1row\"><div class=\"\"><span class=\"cz_counter_num_wrap\"><span class=\"cz_counter_num\">7<\/span><\/span><span class=\"cz_counter_after\">Ann\u00e9es d'activit\u00e9s<\/span><\/div><\/div>[\/vc_column_inner][vc_column_inner width=\u00a0\u00bb1\/2&Prime;]<div id=\"cz_64683\" data-disable-comma=\"\" data-duration=\"3000\" data-delay=\"1000\" class=\"cz_64683 cz_counter clr tac cz_1row\"><div class=\"\"><span class=\"cz_counter_num_wrap\"><span class=\"cz_counter_num\">30<\/span><\/span><span class=\"cz_counter_after\">Projects<\/span><\/div><\/div>[\/vc_column_inner][\/vc_row_inner][\/vc_column][vc_column offset=\u00a0\u00bbvc_col-lg-6&Prime;][vc_single_image image=\u00a0\u00bb931&Prime; img_size=\u00a0\u00bbfull\u00a0\u00bb][\/vc_column][\/vc_row][vc_row][vc_column offset=\u00a0\u00bbvc_col-lg-6&Prime;]<div class=\"cz_gap clr  hide_on_tablet hide_on_mobile\" style=\"height: 80px\"><\/div><div class=\"cz_gap show_on_tablet clr  show_only_tablet\" style=\"height: 50px\"><\/div><div class=\"cz_gap show_on_mobile clr\" style=\"height: 50px\"><\/div>[vc_single_image image=\u00a0\u00bb909&Prime; img_size=\u00a0\u00bbfull\u00a0\u00bb][\/vc_column][vc_column offset=\u00a0\u00bbvc_col-lg-6&Prime;]<div class=\"cz_gap clr  hide_on_tablet hide_on_mobile\" style=\"height: 80px\"><\/div><div class=\"cz_gap show_on_tablet clr  show_only_tablet\" style=\"height: 50px\"><\/div><div class=\"cz_gap show_on_mobile clr\" style=\"height: 50px\"><\/div><div id=\"cz_29870\" class=\"cz_29870 cz_title clr cz_smart_fs cz_mobile_text_center cz_title_pos_inline tac\"><div class=\"cz_title_shape shape_rhombus_radius cz_title_shape_outline cz_shape_1\"><\/div><div class=\"cz_title_content\"><div class=\"cz_wpe_content\"><div style=\"line-height: 2; text-align: center;\"><em><span style=\"color: #808080; font-size: 18px; font-weight: 300;\">BARMA SOLUTIONS<\/span><\/em><\/div>\n<h3 style=\"text-align: center;\"><span style=\"font-size: 38px;\"><span style=\"font-weight: 300;\">Notre <\/span><\/span><span style=\"font-size: 38px;\">Philosophie<\/span><\/h3>\n<\/div><\/div><\/div><div id=\"cz_42731\" class=\"cz_42731 cz_title clr cz_mobile_text_center cz_title_pos_inline tac\"><div class=\"cz_title_content\"><div class=\"cz_wpe_content\"><p style=\"text-align: center;\"><span style=\"font-size: 18px;\">\u00ab\u00a0R\u00e9aliser des prestations de qualit\u00e9 dans une recherche constante de la satisfaction du client\u00a0\u00bb\u00a0<\/span><\/p>\n<\/div><\/div><\/div><div class=\"cz_gap clr  hide_on_tablet hide_on_mobile\" style=\"height: 80px\"><\/div><div class=\"cz_gap show_on_tablet clr  show_only_tablet\" style=\"height: 50px\"><\/div><div class=\"cz_gap show_on_mobile clr\" style=\"height: 50px\"><\/div><div id=\"cz_30525\" class=\"cz_30525 cz_title clr cz_smart_fs cz_mobile_text_center cz_title_pos_inline\"><div class=\"cz_title_shape shape_rhombus_radius cz_title_shape_outline cz_shape_1\"><\/div><div class=\"cz_title_content\"><div class=\"cz_wpe_content\"><h3 style=\"text-align: left;\"><span style=\"font-size: 38px;\"><span style=\"font-weight: 300;\">Nos <\/span><\/span><span style=\"font-size: 38px;\">Valeurs<\/span><\/h3>\n<\/div><\/div><\/div>[vc_row_inner][vc_column_inner width=\u00a0\u00bb1\/2&Prime;]<ul id=\"cz_47772\" class=\"cz_47772 cz_stylish_list clr cz_sl_icon_hover_zoom_in\"><li class=\"clr\"><div class=\"cz_sl_icon\"><i class=\"fa fa-check mr10\"><\/i><\/div><div><span>Savoir-faire<\/span><\/div><\/li><li class=\"clr\"><div class=\"cz_sl_icon\"><i class=\"fa fa-check mr10\"><\/i><\/div><div><span>Qualit\u00e9<\/span><\/div><\/li><li class=\"clr\"><div class=\"cz_sl_icon\"><i class=\"fa fa-check mr10\"><\/i><\/div><div><span>Engagement<\/span><\/div><\/li><\/ul>[\/vc_column_inner][vc_column_inner width=\u00a0\u00bb1\/2&Prime;]<ul id=\"cz_45415\" class=\"cz_45415 cz_stylish_list clr cz_sl_icon_hover_zoom_in\"><li class=\"clr\"><div class=\"cz_sl_icon\"><i class=\"fa fa-check mr10\"><\/i><\/div><div><span>Disponibilit\u00e9<\/span><\/div><\/li><li class=\"clr\"><div class=\"cz_sl_icon\"><i class=\"fa fa-check mr10\"><\/i><\/div><div><span>Responsabilit\u00e9<\/span><\/div><\/li><li class=\"clr\"><div class=\"cz_sl_icon\"><i class=\"fa fa-check mr10\"><\/i><\/div><div><span>Confiance<\/span><\/div><\/li><\/ul>[\/vc_column_inner][\/vc_row_inner][\/vc_column][\/vc_row][vc_row][vc_column]<div class=\"cz_gap clr  hide_on_tablet hide_on_mobile\" style=\"height: 121px\"><\/div><div class=\"cz_gap show_on_tablet clr  show_only_tablet\" style=\"height: 46px\"><\/div><div class=\"cz_gap show_on_mobile clr\" style=\"height: 24px\"><\/div>[\/vc_column][\/vc_row][vc_row full_width=\u00a0\u00bbstretch_row\u00a0\u00bb parallax=\u00a0\u00bbcontent-moving\u00a0\u00bb parallax_image=\u00a0\u00bb901&Prime; el_id=\u00a0\u00bbessai\u00a0\u00bb][vc_column]<div class=\"cz_gap clr  hide_on_tablet hide_on_mobile\" style=\"height: 50px\"><\/div><div class=\"cz_gap show_on_tablet clr \" style=\"height: 26px\"><\/div><div class=\"xtra-service-box-hover fx_zoom_0_hover\"><div id=\"cz_103833\" class=\"cz_103833 services clr style1 cz_sbi_fx_10 services_b\"><div class=\"service_custom\"><i class=\"fas fa-hand-holding-usd\"><\/i><\/div><div class=\"service_text\"><h3>Pilotage op\u00e9rationnel<\/h3><span class=\"cz_sb_sep_line bar\"><\/span><div class=\"cz_wpe_content\"><h4 style=\"text-align: center;\"><strong>Le pilotage op\u00e9rationnel des projets informatiques permet d\u2019appr\u00e9hender l\u2019ensemble des aspects techniques, fonctionnels et organisationnels. Cette exp\u00e9rience d\u00e9bouche sur la ma\u00eetrise des processus de mise en \u0153uvre des Syst\u00e8mes d\u2019Information dans leur globalit\u00e9. <\/strong><strong>A ce titre, il s\u2019agit de mettre \u00e0 disposition une comp\u00e9tence \u00e9tendue qui s\u2019applique \u00e0 toutes les phases de la construction d\u2019un Syst\u00e8me d\u2019Information :<\/strong><\/h4>\n<\/div><\/div><\/div><\/div>[vc_row_inner][vc_column_inner width=\u00a0\u00bb1\/2&Prime;]<div class=\"cz_gap clr  hide_on_tablet hide_on_mobile\" style=\"height: 50px\"><\/div><div class=\"cz_gap show_on_tablet clr \" style=\"height: 26px\"><\/div><div class=\"xtra-service-box-hover fx_zoom_0_hover\"><div id=\"cz_90533\" class=\"cz_90533 services clr style1 services_b\"><div class=\"service_custom\"><\/div><div class=\"service_text\"><div class=\"cz_wpe_content\"><ul>\n<li style=\"text-align: left;\">\n<h5>Cartographie des syst\u00e8mes d\u2019information,<\/h5>\n<\/li>\n<li style=\"text-align: left;\">\n<h5>Elaboration de solutions techniques dans le cadre de l\u2019urbanisation des syst\u00e8mes de l\u2019entreprise,<\/h5>\n<\/li>\n<li style=\"text-align: left;\">\n<h5>Recueil des besoins fonctionnels et des objectifs organisationnels,<\/h5>\n<\/li>\n<li style=\"text-align: left;\">\n<h5>R\u00e9daction du cahier des charges et suivi des proc\u00e9dures de consultation,<\/h5>\n<\/li>\n<\/ul>\n<\/div><\/div><\/div><\/div><div class=\"cz_gap clr  hide_on_tablet hide_on_mobile\" style=\"height: 120px\"><\/div><div class=\"cz_gap show_on_tablet clr \" style=\"height: 50px\"><\/div>[\/vc_column_inner][vc_column_inner width=\u00a0\u00bb1\/2&Prime;]<div class=\"cz_gap clr  hide_on_tablet hide_on_mobile\" style=\"height: 50px\"><\/div><div class=\"cz_gap show_on_tablet clr \" style=\"height: 26px\"><\/div><div class=\"xtra-service-box-hover fx_zoom_0_hover\"><div id=\"cz_79686\" class=\"cz_79686 services clr style1 services_b\"><div class=\"service_custom\"><\/div><div class=\"service_text\"><div class=\"cz_wpe_content\"><ul>\n<li style=\"text-align: left;\">\n<h5>D\u00e9pouillement des offres et pr\u00e9-s\u00e9lection des soumissionnaires,<\/h5>\n<\/li>\n<li style=\"text-align: left;\">\n<h5>Gestion des aspects contractuels,<\/h5>\n<\/li>\n<li style=\"text-align: left;\">\n<h5>Suivi op\u00e9rationnel de la mise en \u0153uvre du SI (validation des dossiers, contr\u00f4le des produits des diff\u00e9rentes phases, validation, prononc\u00e9 de recette\u2026),<\/h5>\n<\/li>\n<li style=\"text-align: left;\">\n<h5>Activit\u00e9s organisationnelles (organisation et pilotage des r\u00e9unions, contr\u00f4le de l\u2019avancement, reporting\u2026)<\/h5>\n<\/li>\n<\/ul>\n<\/div><\/div><\/div><\/div><div class=\"cz_gap clr  hide_on_tablet hide_on_mobile\" style=\"height: 90px\"><\/div><div class=\"cz_gap show_on_tablet clr \" style=\"height: 30px\"><\/div>[\/vc_column_inner][\/vc_row_inner][\/vc_column][\/vc_row][vc_row full_width=\u00a0\u00bbstretch_row\u00a0\u00bb parallax=\u00a0\u00bbcontent-moving\u00a0\u00bb][vc_column]<div class=\"cz_gap clr  hide_on_tablet hide_on_mobile\" style=\"height: 50px\"><\/div><div class=\"cz_gap show_on_tablet clr \" style=\"height: 26px\"><\/div><div class=\"xtra-service-box-hover fx_zoom_0_hover\"><div id=\"cz_67599\" class=\"cz_67599 services clr style1 cz_sbi_fx_10 services_b\"><div class=\"service_custom\"><i class=\"fa czico-030-target-2\"><\/i><\/div><div class=\"service_text\"><h3>Strat\u00e9gies d'\u00e9volution des Syst\u00e8mes d'Information<\/h3><span class=\"cz_sb_sep_line bar\"><\/span><div class=\"cz_wpe_content\"><\/div><\/div><\/div><\/div>[vc_row_inner][vc_column_inner width=\u00a0\u00bb1\/2&Prime;]<div class=\"xtra-service-box-hover fx_zoom_0_hover\"><div id=\"cz_33379\" class=\"cz_33379 services clr style1 cz_sbi_fx_10 services_b\"><div class=\"service_custom\"><\/div><div class=\"service_text\"><h3>Cartographie des syst\u00e8mes<\/h3><span class=\"cz_sb_sep_line bar\"><\/span><div class=\"cz_wpe_content\">La cartographie des syst\u00e8mes existants constitue une premi\u00e8re \u00e9tape qui se conjugue avec l\u2019appr\u00e9hension des strat\u00e9gies d\u2019\u00e9volution de l\u2019entreprise :<\/p>\n<ul>\n<li style=\"text-align: left;\">Etat des lieux (aspects mat\u00e9riels, syst\u00e8mes d\u2019exploitation, progiciels, logiciels sp\u00e9cifiques\u2026)<\/li>\n<li style=\"text-align: left;\">Analyse des flux (internes, externes\u2026)<\/li>\n<\/ul>\n<\/div><\/div><\/div><\/div><div class=\"xtra-service-box-hover fx_zoom_0_hover\"><div id=\"cz_107191\" class=\"cz_107191 services clr style1 cz_sbi_fx_10 services_b\"><div class=\"service_custom\"><\/div><div class=\"service_text\"><h3>Urbanisation des SI<\/h3><span class=\"cz_sb_sep_line bar\"><\/span><div class=\"cz_wpe_content\"><p style=\"text-align: left;\">L\u2019urbanisation des syst\u00e8mes d\u2019information consiste \u00e0 identifier les moyens \u00e0 mettre en \u0153uvre afin de faire \u00e9voluer tout ou partie des composants des syst\u00e8mes de l\u2019entreprise :<\/p>\n<ul>\n<li style=\"text-align: left;\">D\u00e9termination des besoins en mati\u00e8re de communication, de normalisation<\/li>\n<li style=\"text-align: left;\">Identification des syst\u00e8mes destinataires et pourvoyeurs de donn\u00e9es<\/li>\n<li style=\"text-align: left;\">Sch\u00e9matisation des flux entre les syst\u00e8mes de l\u2019entreprise\u2026<\/li>\n<\/ul>\n<\/div><\/div><\/div><\/div><div class=\"cz_gap clr \" style=\"height: 50px\"><\/div>[\/vc_column_inner][vc_column_inner width=\u00a0\u00bb1\/2&Prime;]<div class=\"xtra-service-box-hover fx_zoom_0_hover\"><div id=\"cz_109845\" class=\"cz_109845 services clr style1 cz_sbi_fx_10 services_b\"><div class=\"service_custom\"><\/div><div class=\"service_text\"><h3>Analyse des besoins<\/h3><span class=\"cz_sb_sep_line bar\"><\/span><div class=\"cz_wpe_content\">L\u2019analyse des besoins permet d\u2019\u00e9tablir la corr\u00e9lation entre la strat\u00e9gie de l\u2019entreprise et les chantiers envisag\u00e9s :<\/p>\n<ul>\n<li style=\"text-align: left;\">Analyse d\u2019opportunit\u00e9, analyse des co\u00fbts<\/li>\n<li style=\"text-align: left;\">Politique de gestion des priorit\u00e9s\u2026<\/li>\n<\/ul>\n<\/div><\/div><\/div><\/div><div class=\"cz_gap clr \" style=\"height: 50px\"><\/div><div class=\"xtra-service-box-hover fx_zoom_0_hover\"><div id=\"cz_76137\" class=\"cz_76137 services clr style1 cz_sbi_fx_10 services_b\"><div class=\"service_custom\"><\/div><div class=\"service_text\"><h3>Solutions<\/h3><span class=\"cz_sb_sep_line bar\"><\/span><div class=\"cz_wpe_content\"><p style=\"text-align: left;\">La pr\u00e9conisation de solutions :<\/p>\n<ul>\n<li style=\"text-align: left;\">Am\u00e9nagement de la configuration des r\u00e9seaux de l\u2019entreprise<\/li>\n<li style=\"text-align: left;\">Progiciels, d\u00e9veloppements et outils \u00e0 int\u00e9grer<\/li>\n<li style=\"text-align: left;\">Optimisation des co\u00fbts<\/li>\n<li style=\"text-align: left;\">R\u00e9daction du plan de migration\u2026<\/li>\n<\/ul>\n<\/div><\/div><\/div><\/div><div class=\"cz_gap clr \" style=\"height: 50px\"><\/div>[\/vc_column_inner][\/vc_row_inner][\/vc_column][\/vc_row][vc_row el_id=\u00a0\u00bbdownload\u00a0\u00bb][vc_column width=\u00a0\u00bb1\/3&Prime; offset=\u00a0\u00bbvc_col-lg-6&Prime;]<div id=\"cz_18997\" class=\"cz_18997 cz_title clr cz_smart_fs cz_mobile_text_center cz_title_pos_inline\"><div class=\"cz_title_shape shape_rhombus_radius cz_title_shape_outline cz_shape_1\"><\/div><div class=\"cz_title_content\"><div class=\"cz_wpe_content\"><div style=\"line-height: 2;\"><em><span style=\"color: #808080; font-size: 18px; font-weight: 300;\">BARMA SOLUTIONS<\/span><\/em><\/div>\n<h3><span style=\"font-size: 38px;\"><span style=\"font-weight: 300;\">Nos <\/span><\/span><span style=\"font-size: 38px;\">R\u00e9f\u00e9rences<\/span><\/h3>\n<\/div><\/div><\/div>[\/vc_column][vc_column width=\u00a0\u00bb1\/3&Prime; offset=\u00a0\u00bbvc_col-lg-3&Prime;][vc_single_image image=\u00a0\u00bb808&Prime; img_size=\u00a0\u00bbfull\u00a0\u00bb][vc_single_image image=\u00a0\u00bb806&Prime; img_size=\u00a0\u00bbfull\u00a0\u00bb][\/vc_column][vc_column width=\u00a0\u00bb1\/3&Prime; offset=\u00a0\u00bbvc_col-lg-3&Prime;][vc_single_image image=\u00a0\u00bb807&Prime; img_size=\u00a0\u00bbfull\u00a0\u00bb][vc_single_image image=\u00a0\u00bb805&Prime; img_size=\u00a0\u00bbfull\u00a0\u00bb][vc_single_image image=\u00a0\u00bb952&Prime; img_size=\u00a0\u00bbfull\u00a0\u00bb][\/vc_column][\/vc_row][vc_row full_width=\u00a0\u00bbstretch_row\u00a0\u00bb css=\u00a0\u00bb.vc_custom_1515502847552{padding-top: 70px !important;padding-bottom: 80px !important;background-color: #fe9900 !important;}\u00a0\u00bb][vc_column]<div id=\"cz_82017\" class=\"cz_82017 cz_title clr cz_smart_fs cz_mobile_text_center cz_title_pos_inline tac\"><div class=\"cz_title_shape shape_rhombus_radius cz_title_shape_outline cz_shape_1\"><\/div><div class=\"cz_title_content\"><div class=\"cz_wpe_content\"><h3 style=\"text-align: center;\"><span style=\"font-size: 30px;\"><span style=\"color: #ffffff;\">Barma Solutions <\/span><span style=\"color: #ffffff;\"><span style=\"font-weight: 300;\">vous accompagne, en mode de d\u00e9l\u00e9gation de comp\u00e9tences, dans la Gestion, l\u2019\u00e9volution constante et la S\u00e9curisation de votre Syst\u00e8me d\u2019Information.<\/span><\/span><\/span><\/h3>\n<\/div><\/div><\/div>[\/vc_column][\/vc_row][vc_row full_width=\u00a0\u00bbstretch_row\u00a0\u00bb parallax=\u00a0\u00bbcontent-moving\u00a0\u00bb parallax_image=\u00a0\u00bb903&Prime; el_id=\u00a0\u00bbsupport\u00a0\u00bb][vc_column]<div class=\"cz_gap clr \" style=\"height: 100px\"><\/div><div id=\"cz_50706\" class=\"cz_50706 cz_title clr cz_smart_fs cz_mobile_text_center cz_title_pos_inline\"><div class=\"cz_title_shape shape_rhombus_radius cz_title_shape_outline cz_shape_1\"><\/div><div class=\"cz_title_content\"><div class=\"cz_wpe_content\"><div style=\"line-height: 2;\"><em><span style=\"color: #c9c9c9; font-size: 18px; font-weight: 300;\">BARMA SOLUTIONS<\/span><\/em><\/div>\n<h3><span style=\"font-size: 38px; color: #ffffff;\">Besoin d&rsquo;aide, <\/span><span style=\"font-size: 38px; color: #ffffff;\"><span style=\"font-weight: 300;\">remplissez le formulaire ci-dessous.<\/span><\/span><\/h3>\n<\/div><\/div><\/div>[vc_row_inner][vc_column_inner offset=\u00a0\u00bbvc_col-lg-8&Prime;]<div id=\"cz_36046\" class=\"cz_36046 cz_cf7 clr\"><div><div role=\"form\" class=\"wpcf7\" id=\"wpcf7-f488-o1\" lang=\"en-US\" dir=\"ltr\">\n<div class=\"screen-reader-response\"><p role=\"status\" aria-live=\"polite\" aria-atomic=\"true\"><\/p> <ul><\/ul><\/div>\n<form action=\"\/index.php?rest_route=%2Fwp%2Fv2%2Fpages%2F287#wpcf7-f488-o1\" method=\"post\" class=\"wpcf7-form init\" novalidate=\"novalidate\" data-status=\"init\">\n<div style=\"display: none;\">\n<input type=\"hidden\" name=\"_wpcf7\" value=\"488\" \/>\n<input type=\"hidden\" name=\"_wpcf7_version\" value=\"5.4.2\" \/>\n<input type=\"hidden\" name=\"_wpcf7_locale\" value=\"en_US\" \/>\n<input type=\"hidden\" name=\"_wpcf7_unit_tag\" value=\"wpcf7-f488-o1\" \/>\n<input type=\"hidden\" name=\"_wpcf7_container_post\" value=\"0\" \/>\n<input type=\"hidden\" name=\"_wpcf7_posted_data_hash\" value=\"\" \/>\n<\/div>\n<p><label> Votre Nom (requis) <\/label><br \/>\n<span class=\"wpcf7-form-control-wrap your-name\"><input type=\"text\" name=\"your-name\" value=\"\" size=\"40\" class=\"wpcf7-form-control wpcf7-text wpcf7-validates-as-required\" aria-required=\"true\" aria-invalid=\"false\" \/><\/span><\/p>\n<p><label> Votre Email (requis) <\/label><br \/>\n<span class=\"wpcf7-form-control-wrap your-email\"><input type=\"email\" name=\"your-email\" value=\"\" size=\"40\" class=\"wpcf7-form-control wpcf7-text wpcf7-email wpcf7-validates-as-required wpcf7-validates-as-email\" aria-required=\"true\" aria-invalid=\"false\" \/><\/span><\/p>\n<p><label> Objet <\/label><br \/>\n<span class=\"wpcf7-form-control-wrap your-subject\"><input type=\"text\" name=\"your-subject\" value=\"\" size=\"40\" class=\"wpcf7-form-control wpcf7-text\" aria-invalid=\"false\" \/><\/span><\/p>\n<p><label> D\u00e9partement <\/label><br \/>\n<span class=\"wpcf7-form-control-wrap menu-178\"><select name=\"menu-178\" class=\"wpcf7-form-control wpcf7-select\" aria-invalid=\"false\"><option value=\"Entreprise\">Entreprise<\/option><option value=\"Personnel\">Personnel<\/option><option value=\"ONG\">ONG<\/option><option value=\"Autres\">Autres<\/option><\/select><\/span><\/p>\n<p><label> Votre Message <\/label><br \/>\n<span class=\"wpcf7-form-control-wrap your-message\"><textarea name=\"your-message\" cols=\"40\" rows=\"10\" class=\"wpcf7-form-control wpcf7-textarea\" aria-invalid=\"false\"><\/textarea><\/span><\/p>\n<p><input type=\"submit\" value=\"Envoyer\" class=\"wpcf7-form-control wpcf7-submit\" \/><\/p>\n<div class=\"wpcf7-response-output\" aria-hidden=\"true\"><\/div><\/form><\/div><\/div><\/div>[\/vc_column_inner][vc_column_inner offset=\u00a0\u00bbvc_col-lg-4&Prime;]<div class=\"cz_gap clr  hide_on_tablet hide_on_mobile\" style=\"height: 0px\"><\/div><div class=\"cz_gap show_on_tablet clr  show_only_tablet\" style=\"height: 30px\"><\/div><div class=\"cz_gap show_on_mobile clr\" style=\"height: 30px\"><\/div><div id=\"cz_43919\" class=\"cz_43919 cz_title clr cz_mobile_text_center cz_title_has_icon cz_title_pos_inline\"><a href=\"tel:0018002233444\"><div class=\"cz_title_content\"><i class=\"cz_title_icon_before fa fa-phone\"><\/i><div class=\"cz_wpe_content\"><h3><span style=\"color: #ffffff;\">T\u00e9l\u00e9phone<\/span><\/h3>\n<p><span style=\"color: #ffffff;\">+337 68 31 37 20<\/span><\/p>\n<\/div><\/div><\/a><\/div><div id=\"cz_34297\" class=\"cz_34297 cz_title clr cz_smart_fs cz_mobile_text_center cz_title_has_icon cz_title_pos_inline\"><a href=\"mailto:support@yoursite.com\"><div class=\"cz_title_content\"><i class=\"cz_title_icon_before fa fa-envelope\"><\/i><div class=\"cz_wpe_content\"><h3><span style=\"color: #ffffff;\">Email<\/span><\/h3>\n<p><span style=\"color: #ffffff;\">contact@barma-solutions.com<\/span><\/p>\n<\/div><\/div><\/a><\/div><div id=\"cz_44134\" class=\"cz_44134 cz_title clr cz_smart_fs cz_mobile_text_center cz_title_has_icon cz_title_pos_inline\"><a href=\"https:\/\/maps.google.com\/\"><div class=\"cz_title_content\"><i class=\"cz_title_icon_before fa fa-map-marker\"><\/i><div class=\"cz_wpe_content\"><h3><span style=\"color: #ffffff;\">Address<\/span><\/h3>\n<p><span style=\"color: #ffffff;\">171 rue de Billancourt 92100 Boulogne Billancourt<\/span><\/p>\n<\/div><\/div><\/a><\/div>[\/vc_column_inner][\/vc_row_inner]<div class=\"cz_gap clr  hide_on_tablet hide_on_mobile\" style=\"height: 190px\"><\/div><div class=\"cz_gap show_on_tablet clr \" style=\"height: 70px\"><\/div>[\/vc_column][\/vc_row]<\/p>\n","protected":false},"excerpt":{"rendered":"<p>[vc_row full_width=\u00a0\u00bbstretch_row\u00a0\u00bb css=\u00a0\u00bb.vc_custom_1515502847552{padding-top: 70px !important;padding-bottom: 80px !important;background-color: #fe9900 !important;}\u00a0\u00bb][vc_column][\/vc_column][\/vc_row][vc_row el_id=\u00a0\u00bboverview\u00a0\u00bb][vc_column][\/vc_column][\/vc_row][vc_row css=\u00a0\u00bb.vc_custom_1516451263843{border-bottom-width: &#8230; <\/p>\n","protected":false},"author":1,"featured_media":0,"parent":0,"menu_order":0,"comment_status":"closed","ping_status":"closed","template":"","meta":{"footnotes":""},"class_list":["post-287","page","type-page","status-publish","hentry"],"_links":{"self":[{"href":"https:\/\/barma-solutions.com\/index.php?rest_route=\/wp\/v2\/pages\/287","targetHints":{"allow":["GET"]}}],"collection":[{"href":"https:\/\/barma-solutions.com\/index.php?rest_route=\/wp\/v2\/pages"}],"about":[{"href":"https:\/\/barma-solutions.com\/index.php?rest_route=\/wp\/v2\/types\/page"}],"author":[{"embeddable":true,"href":"https:\/\/barma-solutions.com\/index.php?rest_route=\/wp\/v2\/users\/1"}],"replies":[{"embeddable":true,"href":"https:\/\/barma-solutions.com\/index.php?rest_route=%2Fwp%2Fv2%2Fcomments&post=287"}],"version-history":[{"count":37,"href":"https:\/\/barma-solutions.com\/index.php?rest_route=\/wp\/v2\/pages\/287\/revisions"}],"predecessor-version":[{"id":953,"href":"https:\/\/barma-solutions.com\/index.php?rest_route=\/wp\/v2\/pages\/287\/revisions\/953"}],"wp:attachment":[{"href":"https:\/\/barma-solutions.com\/index.php?rest_route=%2Fwp%2Fv2%2Fmedia&parent=287"}],"curies":[{"name":"wp","href":"https:\/\/api.w.org\/{rel}","templated":true}]}}